{"id":79,"date":"2024-06-01T12:03:55","date_gmt":"2024-06-01T10:03:55","guid":{"rendered":"https:\/\/ecole-saintliboire.fr\/?page_id=79"},"modified":"2026-02-24T11:03:34","modified_gmt":"2026-02-24T10:03:34","slug":"ce-2","status":"publish","type":"page","link":"https:\/\/ecole-saintliboire.fr\/index.php\/ce-2\/","title":{"rendered":"CE 2"},"content":{"rendered":"\n<ul class=\"wp-block-list\">\n<li><strong><em><mark style=\"background-color:rgba(0, 0, 0, 0);color:#1b07e3\" class=\"has-inline-color\">Bienvenue dans la classe de Catherine PAGEOT<\/mark><\/em><\/strong><\/li>\n<\/ul>\n\n\n\n<h2 class=\"wp-block-heading\"><mark style=\"background-color:rgba(0, 0, 0, 0)\" class=\"has-inline-color has-pale-cyan-blue-color\">Nos pr\u00e9noms<\/mark><\/h2>\n\n\n\n<p class=\"has-text-align-left\">Pour la rentr\u00e9e, en arts visuels, nous avons fait une activit\u00e9 \u00ab\u00a0graphisme\u00a0\u00bb pour d\u00e9corer notre pr\u00e9nom.<\/p>\n\n\n\n<figure class=\"wp-block-image size-large\"><img loading=\"lazy\" decoding=\"async\" width=\"1024\" height=\"461\" src=\"https:\/\/ecole-saintliboire.fr\/wp-content\/uploads\/2025\/10\/20251024_131036-1024x461.jpg\" alt=\"\" class=\"wp-image-828\" srcset=\"https:\/\/ecole-saintliboire.fr\/wp-content\/uploads\/2025\/10\/20251024_131036-1024x461.jpg 1024w, https:\/\/ecole-saintliboire.fr\/wp-content\/uploads\/2025\/10\/20251024_131036-300x135.jpg 300w, https:\/\/ecole-saintliboire.fr\/wp-content\/uploads\/2025\/10\/20251024_131036-768x346.jpg 768w, https:\/\/ecole-saintliboire.fr\/wp-content\/uploads\/2025\/10\/20251024_131036-1536x691.jpg 1536w, https:\/\/ecole-saintliboire.fr\/wp-content\/uploads\/2025\/10\/20251024_131036-1000x450.jpg 1000w, https:\/\/ecole-saintliboire.fr\/wp-content\/uploads\/2025\/10\/20251024_131036-230x103.jpg 230w, https:\/\/ecole-saintliboire.fr\/wp-content\/uploads\/2025\/10\/20251024_131036-350x157.jpg 350w, https:\/\/ecole-saintliboire.fr\/wp-content\/uploads\/2025\/10\/20251024_131036-480x216.jpg 480w, https:\/\/ecole-saintliboire.fr\/wp-content\/uploads\/2025\/10\/20251024_131036.jpg 2016w\" sizes=\"auto, (max-width: 1024px) 100vw, 1024px\" \/><\/figure>\n\n\n\n<figure class=\"wp-block-image size-large\"><img loading=\"lazy\" decoding=\"async\" width=\"1024\" height=\"474\" src=\"https:\/\/ecole-saintliboire.fr\/wp-content\/uploads\/2025\/10\/Screenshot_20251024_164538_Gallery-1024x474.jpg\" alt=\"\" class=\"wp-image-827\" srcset=\"https:\/\/ecole-saintliboire.fr\/wp-content\/uploads\/2025\/10\/Screenshot_20251024_164538_Gallery-1024x474.jpg 1024w, https:\/\/ecole-saintliboire.fr\/wp-content\/uploads\/2025\/10\/Screenshot_20251024_164538_Gallery-300x139.jpg 300w, https:\/\/ecole-saintliboire.fr\/wp-content\/uploads\/2025\/10\/Screenshot_20251024_164538_Gallery-768x356.jpg 768w, https:\/\/ecole-saintliboire.fr\/wp-content\/uploads\/2025\/10\/Screenshot_20251024_164538_Gallery-1000x463.jpg 1000w, https:\/\/ecole-saintliboire.fr\/wp-content\/uploads\/2025\/10\/Screenshot_20251024_164538_Gallery-230x106.jpg 230w, https:\/\/ecole-saintliboire.fr\/wp-content\/uploads\/2025\/10\/Screenshot_20251024_164538_Gallery-350x162.jpg 350w, https:\/\/ecole-saintliboire.fr\/wp-content\/uploads\/2025\/10\/Screenshot_20251024_164538_Gallery-480x222.jpg 480w, https:\/\/ecole-saintliboire.fr\/wp-content\/uploads\/2025\/10\/Screenshot_20251024_164538_Gallery.jpg 1080w\" sizes=\"auto, (max-width: 1024px) 100vw, 1024px\" \/><\/figure>\n\n\n\n<h2 class=\"wp-block-heading\"><mark style=\"background-color:rgba(0, 0, 0, 0)\" class=\"has-inline-color has-vivid-cyan-blue-color\">Flag<\/mark><\/h2>\n\n\n\n<p>Chaque ann\u00e9e, nous avons la chance de pratiquer diff\u00e9rents sports. Pour la premi\u00e8re p\u00e9riode, nous avons jou\u00e9 au flag. Chaque s\u00e9ance d\u00e9bute par la d\u00e9couverte d&rsquo;un mot important pour le sport mais aussi pour le \u00ab\u00a0bien vivre ensemble\u00a0\u00bb. Nous avons, ainsi, pu mettre en pratique <em><mark style=\"background-color:rgba(0, 0, 0, 0)\" class=\"has-inline-color has-vivid-cyan-blue-color\">la bienveillance, le respect, le fairplay, la d\u00e9termination\u2026<\/mark><\/em><\/p>\n\n\n\n<figure class=\"wp-block-gallery has-nested-images columns-default is-cropped wp-block-gallery-1 is-layout-flex wp-block-gallery-is-layout-flex\">\n<figure class=\"wp-block-image size-full\"><img loading=\"lazy\" decoding=\"async\" width=\"850\" height=\"378\" data-id=\"832\" src=\"https:\/\/ecole-saintliboire.fr\/wp-content\/uploads\/2025\/10\/Screenshot_20251024_170208_Gallery.jpg\" alt=\"\" class=\"wp-image-832\" srcset=\"https:\/\/ecole-saintliboire.fr\/wp-content\/uploads\/2025\/10\/Screenshot_20251024_170208_Gallery.jpg 850w, https:\/\/ecole-saintliboire.fr\/wp-content\/uploads\/2025\/10\/Screenshot_20251024_170208_Gallery-300x133.jpg 300w, https:\/\/ecole-saintliboire.fr\/wp-content\/uploads\/2025\/10\/Screenshot_20251024_170208_Gallery-768x342.jpg 768w, https:\/\/ecole-saintliboire.fr\/wp-content\/uploads\/2025\/10\/Screenshot_20251024_170208_Gallery-230x102.jpg 230w, https:\/\/ecole-saintliboire.fr\/wp-content\/uploads\/2025\/10\/Screenshot_20251024_170208_Gallery-350x156.jpg 350w, https:\/\/ecole-saintliboire.fr\/wp-content\/uploads\/2025\/10\/Screenshot_20251024_170208_Gallery-480x213.jpg 480w\" sizes=\"auto, (max-width: 850px) 100vw, 850px\" \/><\/figure>\n\n\n\n<figure class=\"wp-block-image size-full\"><img loading=\"lazy\" decoding=\"async\" width=\"951\" height=\"570\" data-id=\"833\" src=\"https:\/\/ecole-saintliboire.fr\/wp-content\/uploads\/2025\/10\/Screenshot_20251024_170253_Gallery.jpg\" alt=\"\" class=\"wp-image-833\" srcset=\"https:\/\/ecole-saintliboire.fr\/wp-content\/uploads\/2025\/10\/Screenshot_20251024_170253_Gallery.jpg 951w, https:\/\/ecole-saintliboire.fr\/wp-content\/uploads\/2025\/10\/Screenshot_20251024_170253_Gallery-300x180.jpg 300w, https:\/\/ecole-saintliboire.fr\/wp-content\/uploads\/2025\/10\/Screenshot_20251024_170253_Gallery-768x460.jpg 768w, https:\/\/ecole-saintliboire.fr\/wp-content\/uploads\/2025\/10\/Screenshot_20251024_170253_Gallery-230x138.jpg 230w, https:\/\/ecole-saintliboire.fr\/wp-content\/uploads\/2025\/10\/Screenshot_20251024_170253_Gallery-350x210.jpg 350w, https:\/\/ecole-saintliboire.fr\/wp-content\/uploads\/2025\/10\/Screenshot_20251024_170253_Gallery-480x288.jpg 480w\" sizes=\"auto, (max-width: 951px) 100vw, 951px\" \/><\/figure>\n<\/figure>\n\n\n\n<p><\/p>\n\n\n\n<h2 class=\"wp-block-heading\">Halloween<\/h2>\n\n\n\n<p>Au moment de la f\u00eate d&rsquo;Halloween, nous avons fait quelques activit\u00e9s et lectures sur ce th\u00e8me. En anglais, nous avons d\u00e9couvert l&rsquo;album <em>Ten Timid <\/em> <em>Ghosts<\/em> de Jennifer O&rsquo;Connell. Chacun a repr\u00e9sent\u00e9 la maison hant\u00e9e des fant\u00f4mes avec grand plaisir. <\/p>\n\n\n\n<figure class=\"wp-block-gallery has-nested-images columns-default is-cropped wp-block-gallery-2 is-layout-flex wp-block-gallery-is-layout-flex\">\n<figure class=\"wp-block-image size-large\"><img loading=\"lazy\" decoding=\"async\" width=\"480\" height=\"360\" data-id=\"892\" src=\"https:\/\/ecole-saintliboire.fr\/wp-content\/uploads\/2026\/01\/20251127_174628-rotated.jpg\" alt=\"\" class=\"wp-image-892\" srcset=\"https:\/\/ecole-saintliboire.fr\/wp-content\/uploads\/2026\/01\/20251127_174628-rotated.jpg 480w, https:\/\/ecole-saintliboire.fr\/wp-content\/uploads\/2026\/01\/20251127_174628-300x225.jpg 300w, https:\/\/ecole-saintliboire.fr\/wp-content\/uploads\/2026\/01\/20251127_174628-230x173.jpg 230w, https:\/\/ecole-saintliboire.fr\/wp-content\/uploads\/2026\/01\/20251127_174628-350x263.jpg 350w\" sizes=\"auto, (max-width: 480px) 100vw, 480px\" \/><\/figure>\n<\/figure>\n\n\n\n<p>\/<\/p>\n\n\n\n<h2 class=\"wp-block-heading\">au fil de la laine<\/h2>\n\n\n\n<p>Mardi 3 f\u00e9vrier, direction l&rsquo;Arche de la Nature pour une animation autour de la laine. Apr\u00e8s un trajet tr\u00e8s agr\u00e9able en voiture hippomobile, nous arrivons \u00e0 la ferme. <\/p>\n\n\n\n<p>L&rsquo;atelier d\u00e9bute par une visite \u00e0 la bergerie o\u00f9 nous pouvons caresser, nourrir les ch\u00e8vres, boucs, moutons. De retour dans la salle, nous d\u00e9couvrons \u00e0 l&rsquo;aide d&rsquo;un diaporama, diff\u00e9rents animaux qui donnent de la laine.<\/p>\n\n\n\n<figure class=\"wp-block-image size-full\"><img loading=\"lazy\" decoding=\"async\" width=\"430\" height=\"573\" src=\"https:\/\/ecole-saintliboire.fr\/wp-content\/uploads\/2026\/02\/laine-2-1.jpg\" alt=\"\" class=\"wp-image-951\" srcset=\"https:\/\/ecole-saintliboire.fr\/wp-content\/uploads\/2026\/02\/laine-2-1.jpg 430w, https:\/\/ecole-saintliboire.fr\/wp-content\/uploads\/2026\/02\/laine-2-1-225x300.jpg 225w, https:\/\/ecole-saintliboire.fr\/wp-content\/uploads\/2026\/02\/laine-2-1-230x306.jpg 230w, https:\/\/ecole-saintliboire.fr\/wp-content\/uploads\/2026\/02\/laine-2-1-350x466.jpg 350w\" sizes=\"auto, (max-width: 430px) 100vw, 430px\" \/><\/figure>\n\n\n\n<p>L&rsquo;animation se poursuit avec la d\u00e9couverte des diff\u00e9rentes \u00e9tapes (laver, \u00e9charpiller, carder\u2026) pour passer de la laine qu&rsquo;on r\u00e9cup\u00e8re apr\u00e8s la tonte \u00e0 la laine qu&rsquo;on utilise pour les pulls, \u00e9charpes\u2026<\/p>\n\n\n\n<figure class=\"wp-block-image size-full\"><img loading=\"lazy\" decoding=\"async\" width=\"430\" height=\"573\" src=\"https:\/\/ecole-saintliboire.fr\/wp-content\/uploads\/2026\/02\/laine-1.jpg\" alt=\"\" class=\"wp-image-949\" srcset=\"https:\/\/ecole-saintliboire.fr\/wp-content\/uploads\/2026\/02\/laine-1.jpg 430w, https:\/\/ecole-saintliboire.fr\/wp-content\/uploads\/2026\/02\/laine-1-225x300.jpg 225w, https:\/\/ecole-saintliboire.fr\/wp-content\/uploads\/2026\/02\/laine-1-230x306.jpg 230w, https:\/\/ecole-saintliboire.fr\/wp-content\/uploads\/2026\/02\/laine-1-350x466.jpg 350w\" sizes=\"auto, (max-width: 430px) 100vw, 430px\" \/><\/figure>\n\n\n\n<p><\/p>\n","protected":false},"excerpt":{"rendered":"<p>Nos pr\u00e9noms Pour la rentr\u00e9e, en arts visuels, nous avons fait une activit\u00e9 \u00ab\u00a0graphisme\u00a0\u00bb pour d\u00e9corer notre pr\u00e9nom. Flag Chaque ann\u00e9e, nous [&hellip;]<\/p>\n","protected":false},"author":1,"featured_media":0,"parent":0,"menu_order":0,"comment_status":"closed","ping_status":"closed","template":"","meta":{"footnotes":""},"class_list":["post-79","page","type-page","status-publish","hentry"],"_links":{"self":[{"href":"https:\/\/ecole-saintliboire.fr\/index.php\/wp-json\/wp\/v2\/pages\/79","targetHints":{"allow":["GET"]}}],"collection":[{"href":"https:\/\/ecole-saintliboire.fr\/index.php\/wp-json\/wp\/v2\/pages"}],"about":[{"href":"https:\/\/ecole-saintliboire.fr\/index.php\/wp-json\/wp\/v2\/types\/page"}],"author":[{"embeddable":true,"href":"https:\/\/ecole-saintliboire.fr\/index.php\/wp-json\/wp\/v2\/users\/1"}],"replies":[{"embeddable":true,"href":"https:\/\/ecole-saintliboire.fr\/index.php\/wp-json\/wp\/v2\/comments?post=79"}],"version-history":[{"count":6,"href":"https:\/\/ecole-saintliboire.fr\/index.php\/wp-json\/wp\/v2\/pages\/79\/revisions"}],"predecessor-version":[{"id":952,"href":"https:\/\/ecole-saintliboire.fr\/index.php\/wp-json\/wp\/v2\/pages\/79\/revisions\/952"}],"wp:attachment":[{"href":"https:\/\/ecole-saintliboire.fr\/index.php\/wp-json\/wp\/v2\/media?parent=79"}],"curies":[{"name":"wp","href":"https:\/\/api.w.org\/{rel}","templated":true}]}}