{"id":76,"date":"2024-06-01T12:01:47","date_gmt":"2024-06-01T10:01:47","guid":{"rendered":"https:\/\/ecole-saintliboire.fr\/?page_id=76"},"modified":"2026-03-05T10:17:26","modified_gmt":"2026-03-05T09:17:26","slug":"ce-1","status":"publish","type":"page","link":"https:\/\/ecole-saintliboire.fr\/index.php\/ce-1\/","title":{"rendered":"CE 1"},"content":{"rendered":"\n<ul class=\"wp-block-list\">\n<li>Bienvenue dans la classe de Laurelia TRANSON<\/li>\n<\/ul>\n\n\n\n<figure class=\"wp-block-image size-large\"><img loading=\"lazy\" decoding=\"async\" width=\"1024\" height=\"611\" src=\"https:\/\/ecole-saintliboire.fr\/wp-content\/uploads\/2025\/08\/facebook_175637134314hjgjug3_7366755350032970956-1024x611.jpg\" alt=\"\" class=\"wp-image-790\" srcset=\"https:\/\/ecole-saintliboire.fr\/wp-content\/uploads\/2025\/08\/facebook_175637134314hjgjug3_7366755350032970956-1024x611.jpg 1024w, https:\/\/ecole-saintliboire.fr\/wp-content\/uploads\/2025\/08\/facebook_175637134314hjgjug3_7366755350032970956-300x179.jpg 300w, https:\/\/ecole-saintliboire.fr\/wp-content\/uploads\/2025\/08\/facebook_175637134314hjgjug3_7366755350032970956-768x459.jpg 768w, https:\/\/ecole-saintliboire.fr\/wp-content\/uploads\/2025\/08\/facebook_175637134314hjgjug3_7366755350032970956-1000x597.jpg 1000w, https:\/\/ecole-saintliboire.fr\/wp-content\/uploads\/2025\/08\/facebook_175637134314hjgjug3_7366755350032970956-230x137.jpg 230w, https:\/\/ecole-saintliboire.fr\/wp-content\/uploads\/2025\/08\/facebook_175637134314hjgjug3_7366755350032970956-350x209.jpg 350w, https:\/\/ecole-saintliboire.fr\/wp-content\/uploads\/2025\/08\/facebook_175637134314hjgjug3_7366755350032970956-480x287.jpg 480w, https:\/\/ecole-saintliboire.fr\/wp-content\/uploads\/2025\/08\/facebook_175637134314hjgjug3_7366755350032970956.jpg 1407w\" sizes=\"auto, (max-width: 1024px) 100vw, 1024px\" \/><\/figure>\n\n\n\n<p>Novembre 2025: Les \u00e9l\u00e8ves de CE1 sont arriv\u00e9s sur le site de l\u2019arche de la nature en cal\u00e8che, puis ils ont pique-niqu\u00e9. Ensuite, ils sont all\u00e9s d\u00e9couvrir la bergerie et pour finir ils ont particip\u00e9 \u00e0 un atelier sur la laine. Ils ont alors d\u00e9couvert les diff\u00e9rentes \u00e9tapes permettant d\u2019obtenir une pelote de laine : laver, \u00e9charpiller, carder et filer la laine.<\/p>\n\n\n\n<figure class=\"wp-block-image size-large\"><img loading=\"lazy\" decoding=\"async\" width=\"766\" height=\"1024\" src=\"https:\/\/ecole-saintliboire.fr\/wp-content\/uploads\/2026\/03\/66666-766x1024.jpg\" alt=\"\" class=\"wp-image-983\" srcset=\"https:\/\/ecole-saintliboire.fr\/wp-content\/uploads\/2026\/03\/66666-766x1024.jpg 766w, https:\/\/ecole-saintliboire.fr\/wp-content\/uploads\/2026\/03\/66666-224x300.jpg 224w, https:\/\/ecole-saintliboire.fr\/wp-content\/uploads\/2026\/03\/66666-768x1026.jpg 768w, https:\/\/ecole-saintliboire.fr\/wp-content\/uploads\/2026\/03\/66666-1149x1536.jpg 1149w, https:\/\/ecole-saintliboire.fr\/wp-content\/uploads\/2026\/03\/66666-1532x2048.jpg 1532w, https:\/\/ecole-saintliboire.fr\/wp-content\/uploads\/2026\/03\/66666-1000x1336.jpg 1000w, https:\/\/ecole-saintliboire.fr\/wp-content\/uploads\/2026\/03\/66666-230x307.jpg 230w, https:\/\/ecole-saintliboire.fr\/wp-content\/uploads\/2026\/03\/66666-350x468.jpg 350w, https:\/\/ecole-saintliboire.fr\/wp-content\/uploads\/2026\/03\/66666-480x641.jpg 480w, https:\/\/ecole-saintliboire.fr\/wp-content\/uploads\/2026\/03\/66666-rotated.jpg 1736w\" sizes=\"auto, (max-width: 766px) 100vw, 766px\" \/><\/figure>\n\n\n\n<figure class=\"wp-block-image size-large\"><img loading=\"lazy\" decoding=\"async\" width=\"766\" height=\"1024\" src=\"https:\/\/ecole-saintliboire.fr\/wp-content\/uploads\/2026\/03\/555555-766x1024.jpg\" alt=\"\" class=\"wp-image-982\" srcset=\"https:\/\/ecole-saintliboire.fr\/wp-content\/uploads\/2026\/03\/555555-766x1024.jpg 766w, https:\/\/ecole-saintliboire.fr\/wp-content\/uploads\/2026\/03\/555555-224x300.jpg 224w, https:\/\/ecole-saintliboire.fr\/wp-content\/uploads\/2026\/03\/555555-768x1026.jpg 768w, https:\/\/ecole-saintliboire.fr\/wp-content\/uploads\/2026\/03\/555555-1149x1536.jpg 1149w, https:\/\/ecole-saintliboire.fr\/wp-content\/uploads\/2026\/03\/555555-1532x2048.jpg 1532w, https:\/\/ecole-saintliboire.fr\/wp-content\/uploads\/2026\/03\/555555-1000x1336.jpg 1000w, https:\/\/ecole-saintliboire.fr\/wp-content\/uploads\/2026\/03\/555555-230x307.jpg 230w, https:\/\/ecole-saintliboire.fr\/wp-content\/uploads\/2026\/03\/555555-350x468.jpg 350w, https:\/\/ecole-saintliboire.fr\/wp-content\/uploads\/2026\/03\/555555-480x641.jpg 480w, https:\/\/ecole-saintliboire.fr\/wp-content\/uploads\/2026\/03\/555555-rotated.jpg 1736w\" sizes=\"auto, (max-width: 766px) 100vw, 766px\" \/><\/figure>\n\n\n\n<figure class=\"wp-block-image size-large\"><img loading=\"lazy\" decoding=\"async\" width=\"766\" height=\"1024\" src=\"https:\/\/ecole-saintliboire.fr\/wp-content\/uploads\/2026\/03\/444444-766x1024.jpg\" alt=\"\" class=\"wp-image-981\" srcset=\"https:\/\/ecole-saintliboire.fr\/wp-content\/uploads\/2026\/03\/444444-766x1024.jpg 766w, https:\/\/ecole-saintliboire.fr\/wp-content\/uploads\/2026\/03\/444444-224x300.jpg 224w, https:\/\/ecole-saintliboire.fr\/wp-content\/uploads\/2026\/03\/444444-768x1026.jpg 768w, https:\/\/ecole-saintliboire.fr\/wp-content\/uploads\/2026\/03\/444444-1149x1536.jpg 1149w, https:\/\/ecole-saintliboire.fr\/wp-content\/uploads\/2026\/03\/444444-1532x2048.jpg 1532w, https:\/\/ecole-saintliboire.fr\/wp-content\/uploads\/2026\/03\/444444-1000x1336.jpg 1000w, https:\/\/ecole-saintliboire.fr\/wp-content\/uploads\/2026\/03\/444444-230x307.jpg 230w, https:\/\/ecole-saintliboire.fr\/wp-content\/uploads\/2026\/03\/444444-350x468.jpg 350w, https:\/\/ecole-saintliboire.fr\/wp-content\/uploads\/2026\/03\/444444-480x641.jpg 480w, https:\/\/ecole-saintliboire.fr\/wp-content\/uploads\/2026\/03\/444444-rotated.jpg 1736w\" sizes=\"auto, (max-width: 766px) 100vw, 766px\" \/><\/figure>\n\n\n\n<p>Les \u00e9l\u00e8ves de CE1 se sont initi\u00e9s au hand. Ils ont appris \u00e0 dribbler, faire des passes, marquer des buts. Ils ont aussi d\u00e9couvert le vocabulaire propre \u00e0 ce sport.<\/p>\n\n\n\n<figure class=\"wp-block-image size-large\"><img loading=\"lazy\" decoding=\"async\" width=\"766\" height=\"1024\" src=\"https:\/\/ecole-saintliboire.fr\/wp-content\/uploads\/2026\/03\/7777-766x1024.jpg\" alt=\"\" class=\"wp-image-979\" srcset=\"https:\/\/ecole-saintliboire.fr\/wp-content\/uploads\/2026\/03\/7777-766x1024.jpg 766w, https:\/\/ecole-saintliboire.fr\/wp-content\/uploads\/2026\/03\/7777-224x300.jpg 224w, https:\/\/ecole-saintliboire.fr\/wp-content\/uploads\/2026\/03\/7777-768x1026.jpg 768w, https:\/\/ecole-saintliboire.fr\/wp-content\/uploads\/2026\/03\/7777-1149x1536.jpg 1149w, https:\/\/ecole-saintliboire.fr\/wp-content\/uploads\/2026\/03\/7777-1532x2048.jpg 1532w, https:\/\/ecole-saintliboire.fr\/wp-content\/uploads\/2026\/03\/7777-1000x1336.jpg 1000w, https:\/\/ecole-saintliboire.fr\/wp-content\/uploads\/2026\/03\/7777-230x307.jpg 230w, https:\/\/ecole-saintliboire.fr\/wp-content\/uploads\/2026\/03\/7777-350x468.jpg 350w, https:\/\/ecole-saintliboire.fr\/wp-content\/uploads\/2026\/03\/7777-480x641.jpg 480w, https:\/\/ecole-saintliboire.fr\/wp-content\/uploads\/2026\/03\/7777-rotated.jpg 1736w\" sizes=\"auto, (max-width: 766px) 100vw, 766px\" \/><\/figure>\n\n\n\n<figure class=\"wp-block-image size-large\"><img loading=\"lazy\" decoding=\"async\" width=\"766\" height=\"1024\" src=\"https:\/\/ecole-saintliboire.fr\/wp-content\/uploads\/2026\/03\/88888-766x1024.jpg\" alt=\"\" class=\"wp-image-980\" srcset=\"https:\/\/ecole-saintliboire.fr\/wp-content\/uploads\/2026\/03\/88888-766x1024.jpg 766w, https:\/\/ecole-saintliboire.fr\/wp-content\/uploads\/2026\/03\/88888-225x300.jpg 225w, https:\/\/ecole-saintliboire.fr\/wp-content\/uploads\/2026\/03\/88888-768x1026.jpg 768w, https:\/\/ecole-saintliboire.fr\/wp-content\/uploads\/2026\/03\/88888-1150x1536.jpg 1150w, https:\/\/ecole-saintliboire.fr\/wp-content\/uploads\/2026\/03\/88888-1000x1336.jpg 1000w, https:\/\/ecole-saintliboire.fr\/wp-content\/uploads\/2026\/03\/88888-230x307.jpg 230w, https:\/\/ecole-saintliboire.fr\/wp-content\/uploads\/2026\/03\/88888-350x468.jpg 350w, https:\/\/ecole-saintliboire.fr\/wp-content\/uploads\/2026\/03\/88888-480x641.jpg 480w, https:\/\/ecole-saintliboire.fr\/wp-content\/uploads\/2026\/03\/88888-rotated.jpg 1389w\" sizes=\"auto, (max-width: 766px) 100vw, 766px\" \/><\/figure>\n\n\n\n<p><\/p>\n","protected":false},"excerpt":{"rendered":"<p>Novembre 2025: Les \u00e9l\u00e8ves de CE1 sont arriv\u00e9s sur le site de l\u2019arche de la nature en cal\u00e8che, puis ils ont pique-niqu\u00e9. [&hellip;]<\/p>\n","protected":false},"author":1,"featured_media":0,"parent":0,"menu_order":0,"comment_status":"closed","ping_status":"closed","template":"","meta":{"footnotes":""},"class_list":["post-76","page","type-page","status-publish","hentry"],"_links":{"self":[{"href":"https:\/\/ecole-saintliboire.fr\/index.php\/wp-json\/wp\/v2\/pages\/76","targetHints":{"allow":["GET"]}}],"collection":[{"href":"https:\/\/ecole-saintliboire.fr\/index.php\/wp-json\/wp\/v2\/pages"}],"about":[{"href":"https:\/\/ecole-saintliboire.fr\/index.php\/wp-json\/wp\/v2\/types\/page"}],"author":[{"embeddable":true,"href":"https:\/\/ecole-saintliboire.fr\/index.php\/wp-json\/wp\/v2\/users\/1"}],"replies":[{"embeddable":true,"href":"https:\/\/ecole-saintliboire.fr\/index.php\/wp-json\/wp\/v2\/comments?post=76"}],"version-history":[{"count":4,"href":"https:\/\/ecole-saintliboire.fr\/index.php\/wp-json\/wp\/v2\/pages\/76\/revisions"}],"predecessor-version":[{"id":986,"href":"https:\/\/ecole-saintliboire.fr\/index.php\/wp-json\/wp\/v2\/pages\/76\/revisions\/986"}],"wp:attachment":[{"href":"https:\/\/ecole-saintliboire.fr\/index.php\/wp-json\/wp\/v2\/media?parent=76"}],"curies":[{"name":"wp","href":"https:\/\/api.w.org\/{rel}","templated":true}]}}