{"id":71,"date":"2024-06-01T11:57:47","date_gmt":"2024-06-01T09:57:47","guid":{"rendered":"https:\/\/ecole-saintliboire.fr\/?page_id=71"},"modified":"2026-03-19T11:10:21","modified_gmt":"2026-03-19T10:10:21","slug":"tps-ps-ms","status":"publish","type":"page","link":"https:\/\/ecole-saintliboire.fr\/index.php\/tps-ps-ms\/","title":{"rendered":"TPS &#8211; PS &#8211; MS"},"content":{"rendered":"\n<p>Bienvenue dans la classe des TPS &#8211; PS &#8211; MS<\/p>\n\n\n\n<figure class=\"wp-block-image size-large\"><img loading=\"lazy\" decoding=\"async\" width=\"1024\" height=\"768\" src=\"https:\/\/ecole-saintliboire.fr\/wp-content\/uploads\/2026\/03\/260205-OH-SaiintLiboire-1-16-1024x768.jpg\" alt=\"\" class=\"wp-image-996\" srcset=\"https:\/\/ecole-saintliboire.fr\/wp-content\/uploads\/2026\/03\/260205-OH-SaiintLiboire-1-16-1024x768.jpg 1024w, https:\/\/ecole-saintliboire.fr\/wp-content\/uploads\/2026\/03\/260205-OH-SaiintLiboire-1-16-300x225.jpg 300w, https:\/\/ecole-saintliboire.fr\/wp-content\/uploads\/2026\/03\/260205-OH-SaiintLiboire-1-16-768x576.jpg 768w, https:\/\/ecole-saintliboire.fr\/wp-content\/uploads\/2026\/03\/260205-OH-SaiintLiboire-1-16-1536x1152.jpg 1536w, https:\/\/ecole-saintliboire.fr\/wp-content\/uploads\/2026\/03\/260205-OH-SaiintLiboire-1-16-1000x750.jpg 1000w, https:\/\/ecole-saintliboire.fr\/wp-content\/uploads\/2026\/03\/260205-OH-SaiintLiboire-1-16-230x173.jpg 230w, https:\/\/ecole-saintliboire.fr\/wp-content\/uploads\/2026\/03\/260205-OH-SaiintLiboire-1-16-350x263.jpg 350w, https:\/\/ecole-saintliboire.fr\/wp-content\/uploads\/2026\/03\/260205-OH-SaiintLiboire-1-16-480x360.jpg 480w, https:\/\/ecole-saintliboire.fr\/wp-content\/uploads\/2026\/03\/260205-OH-SaiintLiboire-1-16.jpg 1920w\" sizes=\"auto, (max-width: 1024px) 100vw, 1024px\" \/><\/figure>\n\n\n\n<h2 class=\"wp-block-heading\">Visite de la caserne des pompiers<\/h2>\n\n\n\n<h2 class=\"wp-block-heading\">Tr\u00e8s bien re\u00e7us par des papas pompiers , nous avons visit\u00e9s la caserne avec les diff\u00e9rents v\u00e9hicules .<br>Nous avons fait un parcours de motricit\u00e9 dans leur salle .<\/h2>\n\n\n\n<figure class=\"wp-block-image size-full is-resized\"><img loading=\"lazy\" decoding=\"async\" width=\"240\" height=\"320\" src=\"https:\/\/ecole-saintliboire.fr\/wp-content\/uploads\/2025\/06\/1000041330.jpg\" alt=\"\" class=\"wp-image-742\" style=\"width:505px;height:auto\" srcset=\"https:\/\/ecole-saintliboire.fr\/wp-content\/uploads\/2025\/06\/1000041330.jpg 240w, https:\/\/ecole-saintliboire.fr\/wp-content\/uploads\/2025\/06\/1000041330-225x300.jpg 225w, https:\/\/ecole-saintliboire.fr\/wp-content\/uploads\/2025\/06\/1000041330-230x307.jpg 230w\" sizes=\"auto, (max-width: 240px) 100vw, 240px\" \/><\/figure>\n\n\n\n<figure class=\"wp-block-image size-full is-resized\"><img loading=\"lazy\" decoding=\"async\" width=\"320\" height=\"240\" src=\"https:\/\/ecole-saintliboire.fr\/wp-content\/uploads\/2025\/06\/IMG_1900.jpg\" alt=\"\" class=\"wp-image-738\" style=\"width:576px;height:auto\" srcset=\"https:\/\/ecole-saintliboire.fr\/wp-content\/uploads\/2025\/06\/IMG_1900.jpg 320w, https:\/\/ecole-saintliboire.fr\/wp-content\/uploads\/2025\/06\/IMG_1900-300x225.jpg 300w, https:\/\/ecole-saintliboire.fr\/wp-content\/uploads\/2025\/06\/IMG_1900-230x173.jpg 230w\" sizes=\"auto, (max-width: 320px) 100vw, 320px\" \/><\/figure>\n\n\n\n<figure class=\"wp-block-image size-full is-resized\"><img loading=\"lazy\" decoding=\"async\" width=\"320\" height=\"240\" src=\"https:\/\/ecole-saintliboire.fr\/wp-content\/uploads\/2025\/06\/1000041310.jpg\" alt=\"\" class=\"wp-image-743\" style=\"width:477px;height:auto\" srcset=\"https:\/\/ecole-saintliboire.fr\/wp-content\/uploads\/2025\/06\/1000041310.jpg 320w, https:\/\/ecole-saintliboire.fr\/wp-content\/uploads\/2025\/06\/1000041310-300x225.jpg 300w, https:\/\/ecole-saintliboire.fr\/wp-content\/uploads\/2025\/06\/1000041310-230x173.jpg 230w\" sizes=\"auto, (max-width: 320px) 100vw, 320px\" \/><\/figure>\n\n\n\n<figure class=\"wp-block-image size-full is-resized\"><img loading=\"lazy\" decoding=\"async\" width=\"240\" height=\"320\" src=\"https:\/\/ecole-saintliboire.fr\/wp-content\/uploads\/2025\/06\/1000041291.jpg\" alt=\"\" class=\"wp-image-745\" style=\"width:404px;height:auto\" srcset=\"https:\/\/ecole-saintliboire.fr\/wp-content\/uploads\/2025\/06\/1000041291.jpg 240w, https:\/\/ecole-saintliboire.fr\/wp-content\/uploads\/2025\/06\/1000041291-225x300.jpg 225w, https:\/\/ecole-saintliboire.fr\/wp-content\/uploads\/2025\/06\/1000041291-230x307.jpg 230w\" sizes=\"auto, (max-width: 240px) 100vw, 240px\" \/><\/figure>\n\n\n\n<p>L&rsquo;enseignante Maryline METIVIER est assist\u00e9e d\u2019Estelle l\u2019ASEM pour s\u2019occuper de 28 \u00e9l\u00e8ves dont 3 enfants en Tr\u00e8s Petite Section qui sont pr\u00e9sents uniquement le matin, 20 enfants en Petite Section et 5 enfants en Moyenne Section.<\/p>\n\n\n\n<p>La salle est \u00e9quip\u00e9e d\u2019un vid\u00e9o-projecteur et de mobilier adapt\u00e9 aux enfants ainsi que de plusieurs espaces de jeux&nbsp;: cuisine, garage, puzzle, peinture, espace lecture\u2026<\/p>\n\n\n\n<figure class=\"wp-block-image size-large\"><img loading=\"lazy\" decoding=\"async\" width=\"1024\" height=\"771\" src=\"https:\/\/ecole-saintliboire.fr\/wp-content\/uploads\/2024\/06\/1719481775935-1024x771.jpg\" alt=\"\" class=\"wp-image-220\" srcset=\"https:\/\/ecole-saintliboire.fr\/wp-content\/uploads\/2024\/06\/1719481775935-1024x771.jpg 1024w, https:\/\/ecole-saintliboire.fr\/wp-content\/uploads\/2024\/06\/1719481775935-300x226.jpg 300w, https:\/\/ecole-saintliboire.fr\/wp-content\/uploads\/2024\/06\/1719481775935-768x578.jpg 768w, https:\/\/ecole-saintliboire.fr\/wp-content\/uploads\/2024\/06\/1719481775935-1536x1157.jpg 1536w, https:\/\/ecole-saintliboire.fr\/wp-content\/uploads\/2024\/06\/1719481775935-2048x1542.jpg 2048w, https:\/\/ecole-saintliboire.fr\/wp-content\/uploads\/2024\/06\/1719481775935-1000x753.jpg 1000w, https:\/\/ecole-saintliboire.fr\/wp-content\/uploads\/2024\/06\/1719481775935-230x173.jpg 230w, https:\/\/ecole-saintliboire.fr\/wp-content\/uploads\/2024\/06\/1719481775935-350x264.jpg 350w, https:\/\/ecole-saintliboire.fr\/wp-content\/uploads\/2024\/06\/1719481775935-480x361.jpg 480w\" sizes=\"auto, (max-width: 1024px) 100vw, 1024px\" \/><\/figure>\n\n\n\n<figure class=\"wp-block-image size-large\"><img loading=\"lazy\" decoding=\"async\" width=\"1024\" height=\"771\" src=\"https:\/\/ecole-saintliboire.fr\/wp-content\/uploads\/2024\/06\/1719481775961-1024x771.jpg\" alt=\"\" class=\"wp-image-221\" srcset=\"https:\/\/ecole-saintliboire.fr\/wp-content\/uploads\/2024\/06\/1719481775961-1024x771.jpg 1024w, https:\/\/ecole-saintliboire.fr\/wp-content\/uploads\/2024\/06\/1719481775961-300x226.jpg 300w, https:\/\/ecole-saintliboire.fr\/wp-content\/uploads\/2024\/06\/1719481775961-768x578.jpg 768w, https:\/\/ecole-saintliboire.fr\/wp-content\/uploads\/2024\/06\/1719481775961-1536x1157.jpg 1536w, https:\/\/ecole-saintliboire.fr\/wp-content\/uploads\/2024\/06\/1719481775961-2048x1542.jpg 2048w, https:\/\/ecole-saintliboire.fr\/wp-content\/uploads\/2024\/06\/1719481775961-1000x753.jpg 1000w, https:\/\/ecole-saintliboire.fr\/wp-content\/uploads\/2024\/06\/1719481775961-230x173.jpg 230w, https:\/\/ecole-saintliboire.fr\/wp-content\/uploads\/2024\/06\/1719481775961-350x264.jpg 350w, https:\/\/ecole-saintliboire.fr\/wp-content\/uploads\/2024\/06\/1719481775961-480x361.jpg 480w\" sizes=\"auto, (max-width: 1024px) 100vw, 1024px\" \/><\/figure>\n\n\n\n<p class=\"has-text-align-center has-vivid-cyan-blue-background-color has-background\"><strong>Le d\u00e9roulement d\u2019une journ\u00e9e type :<\/strong><\/p>\n\n\n\n<p>Les enfants peuvent \u00eatre accueillis d\u00e8s 7h30 \u00e0 la garderie du matin<\/p>\n\n\n\n<p>A 8h30, Maryline et Estelle accueillent les enfants et les parents toujours avec le sourire et bienveillance.<\/p>\n\n\n\n<p>A 11h30 les enfants vont se restaurer \u00e0 la cantine, apr\u00e8s \u00eatre pass\u00e9s aux toilettes et s\u2019\u00eatre lav\u00e9s les mains bien s\u00fbr&nbsp;!<\/p>\n\n\n\n<p>A 12h30, &nbsp;direction la salle de sieste pour se reposer jusqu&rsquo;\u00e0 14h pour les grands dormeurs.<\/p>\n\n\n\n<p>A 16h30, fin de la classe, certains retrouvent leurs parents, &nbsp;tandis que les autres vont prendre leur gouter et &nbsp;\u00e9couter des histoires tranquillement, ensuite ils retrouveront les plus grands \u00e0 la &nbsp;garderie du soir en attendant les parents &nbsp;jusqu\u2019\u00e0 18h30 au plus tard<\/p>\n\n\n\n<p class=\"has-text-align-center has-vivid-green-cyan-background-color has-background\"><strong>Sorties et activit\u00e9s :<\/strong><\/p>\n\n\n\n<ul class=\"wp-block-list\">\n<li>visite de la caserne des pompiers<\/li>\n\n\n\n<li>sortie au zoo de la Fl\u00e8che<\/li>\n<\/ul>\n\n\n\n<h2 class=\"wp-block-heading\"><\/h2>\n","protected":false},"excerpt":{"rendered":"<p>Bienvenue dans la classe des TPS &#8211; PS &#8211; MS Visite de la caserne des pompiers Tr\u00e8s bien re\u00e7us par des papas [&hellip;]<\/p>\n","protected":false},"author":1,"featured_media":0,"parent":0,"menu_order":0,"comment_status":"closed","ping_status":"closed","template":"","meta":{"footnotes":""},"class_list":["post-71","page","type-page","status-publish","hentry"],"_links":{"self":[{"href":"https:\/\/ecole-saintliboire.fr\/index.php\/wp-json\/wp\/v2\/pages\/71","targetHints":{"allow":["GET"]}}],"collection":[{"href":"https:\/\/ecole-saintliboire.fr\/index.php\/wp-json\/wp\/v2\/pages"}],"about":[{"href":"https:\/\/ecole-saintliboire.fr\/index.php\/wp-json\/wp\/v2\/types\/page"}],"author":[{"embeddable":true,"href":"https:\/\/ecole-saintliboire.fr\/index.php\/wp-json\/wp\/v2\/users\/1"}],"replies":[{"embeddable":true,"href":"https:\/\/ecole-saintliboire.fr\/index.php\/wp-json\/wp\/v2\/comments?post=71"}],"version-history":[{"count":11,"href":"https:\/\/ecole-saintliboire.fr\/index.php\/wp-json\/wp\/v2\/pages\/71\/revisions"}],"predecessor-version":[{"id":997,"href":"https:\/\/ecole-saintliboire.fr\/index.php\/wp-json\/wp\/v2\/pages\/71\/revisions\/997"}],"wp:attachment":[{"href":"https:\/\/ecole-saintliboire.fr\/index.php\/wp-json\/wp\/v2\/media?parent=71"}],"curies":[{"name":"wp","href":"https:\/\/api.w.org\/{rel}","templated":true}]}}