{"id":24,"date":"2024-05-30T15:16:42","date_gmt":"2024-05-30T13:16:42","guid":{"rendered":"http:\/\/wooaevt.cluster023.hosting.ovh.net\/?page_id=24"},"modified":"2026-02-10T15:27:22","modified_gmt":"2026-02-10T14:27:22","slug":"documentation-pour-inscription","status":"publish","type":"page","link":"https:\/\/ecole-saintliboire.fr\/index.php\/documentation-pour-inscription\/","title":{"rendered":"Documentation pour inscription"},"content":{"rendered":"\n<div data-wp-interactive=\"core\/file\" class=\"wp-block-file\"><object data-wp-bind--hidden=\"!state.hasPdfPreview\" hidden class=\"wp-block-file__embed\" data=\"https:\/\/ecole-saintliboire.fr\/wp-content\/uploads\/2026\/01\/fiche-demande-d-inscription-2026-2027.pdf\" type=\"application\/pdf\" style=\"width:100%;height:600px\" aria-label=\"Contenu embarqu\u00e9 fiche-demande-d-inscription-2026-2027.\"><\/object><a id=\"wp-block-file--media-f0359f5b-3cd0-490c-9aaf-b5c726c3a046\" href=\"https:\/\/ecole-saintliboire.fr\/wp-content\/uploads\/2026\/01\/fiche-demande-d-inscription-2026-2027.pdf\">fiche-demande-d-inscription-2026-2027<\/a><a href=\"https:\/\/ecole-saintliboire.fr\/wp-content\/uploads\/2026\/01\/fiche-demande-d-inscription-2026-2027.pdf\" class=\"wp-block-file__button wp-element-button\" download aria-describedby=\"wp-block-file--media-f0359f5b-3cd0-490c-9aaf-b5c726c3a046\">T\u00e9l\u00e9charger<\/a><\/div>\n\n\n\n<div data-wp-interactive=\"core\/file\" class=\"wp-block-file\"><object data-wp-bind--hidden=\"!state.hasPdfPreview\" hidden class=\"wp-block-file__embed\" data=\"https:\/\/ecole-saintliboire.fr\/wp-content\/uploads\/2026\/01\/Contrat-de-scolarisation-St-Liboire-2026-2027.pdf\" type=\"application\/pdf\" style=\"width:100%;height:600px\" aria-label=\"Contenu embarqu\u00e9 Contrat-de-scolarisation-St-Liboire-2026-2027.\"><\/object><a id=\"wp-block-file--media-ee2e8827-b35a-4d95-8f1d-7adb845c54a1\" href=\"https:\/\/ecole-saintliboire.fr\/wp-content\/uploads\/2026\/01\/Contrat-de-scolarisation-St-Liboire-2026-2027.pdf\">Contrat-de-scolarisation-St-Liboire-2026-2027<\/a><a href=\"https:\/\/ecole-saintliboire.fr\/wp-content\/uploads\/2026\/01\/Contrat-de-scolarisation-St-Liboire-2026-2027.pdf\" class=\"wp-block-file__button wp-element-button\" download aria-describedby=\"wp-block-file--media-ee2e8827-b35a-4d95-8f1d-7adb845c54a1\">T\u00e9l\u00e9charger<\/a><\/div>\n\n\n\n<div data-wp-interactive=\"core\/file\" class=\"wp-block-file\"><object data-wp-bind--hidden=\"!state.hasPdfPreview\" hidden class=\"wp-block-file__embed\" data=\"https:\/\/ecole-saintliboire.fr\/wp-content\/uploads\/2026\/02\/Reglement-financier-TARIF-2026-2027.pdf\" type=\"application\/pdf\" style=\"width:100%;height:600px\" aria-label=\"Contenu embarqu\u00e9 R\u00e8glement-financier-TARIF 2026-2027.\"><\/object><a id=\"wp-block-file--media-1248e813-b039-46d7-864e-a61e6210fa8b\" href=\"https:\/\/ecole-saintliboire.fr\/wp-content\/uploads\/2026\/02\/Reglement-financier-TARIF-2026-2027.pdf\">R\u00e8glement-financier-TARIF 2026-2027<\/a><a href=\"https:\/\/ecole-saintliboire.fr\/wp-content\/uploads\/2026\/02\/Reglement-financier-TARIF-2026-2027.pdf\" class=\"wp-block-file__button wp-element-button\" download aria-describedby=\"wp-block-file--media-1248e813-b039-46d7-864e-a61e6210fa8b\">T\u00e9l\u00e9charger<\/a><\/div>\n\n\n\n<div data-wp-interactive=\"core\/file\" class=\"wp-block-file\"><object data-wp-bind--hidden=\"!state.hasPdfPreview\" hidden class=\"wp-block-file__embed\" data=\"https:\/\/ecole-saintliboire.fr\/wp-content\/uploads\/2025\/02\/Reglement-financier-TARIF-2025-2026.pdf\" type=\"application\/pdf\" style=\"width:100%;height:600px\" aria-label=\"Contenu embarqu\u00e9 R\u00e8glement-financier-TARIF 2025-2026.\"><\/object><a id=\"wp-block-file--media-6aecce87-2f32-423e-97de-0b075db0e308\" href=\"https:\/\/ecole-saintliboire.fr\/wp-content\/uploads\/2025\/02\/Reglement-financier-TARIF-2025-2026.pdf\">R\u00e8glement-financier-TARIF 2025-2026<\/a><a href=\"https:\/\/ecole-saintliboire.fr\/wp-content\/uploads\/2025\/02\/Reglement-financier-TARIF-2025-2026.pdf\" class=\"wp-block-file__button wp-element-button\" download aria-describedby=\"wp-block-file--media-6aecce87-2f32-423e-97de-0b075db0e308\">T\u00e9l\u00e9charger<\/a><\/div>\n\n\n\n<div data-wp-interactive=\"core\/file\" class=\"wp-block-file\"><object data-wp-bind--hidden=\"!state.hasPdfPreview\" hidden class=\"wp-block-file__embed\" data=\"https:\/\/ecole-saintliboire.fr\/wp-content\/uploads\/2025\/02\/permis-a-point-cantine-et-garderie.pdf\" type=\"application\/pdf\" style=\"width:100%;height:600px\" aria-label=\"Contenu embarqu\u00e9 permis \u00e0 point cantine-et-garderie.\"><\/object><a id=\"wp-block-file--media-8089d6c0-0930-424f-8115-3c34f895d69b\" href=\"https:\/\/ecole-saintliboire.fr\/wp-content\/uploads\/2025\/02\/permis-a-point-cantine-et-garderie.pdf\">permis \u00e0 point cantine-et-garderie<\/a><a href=\"https:\/\/ecole-saintliboire.fr\/wp-content\/uploads\/2025\/02\/permis-a-point-cantine-et-garderie.pdf\" class=\"wp-block-file__button wp-element-button\" download aria-describedby=\"wp-block-file--media-8089d6c0-0930-424f-8115-3c34f895d69b\">T\u00e9l\u00e9charger<\/a><\/div>\n\n\n\n<div data-wp-interactive=\"core\/file\" class=\"wp-block-file\"><object data-wp-bind--hidden=\"!state.hasPdfPreview\" hidden class=\"wp-block-file__embed\" data=\"https:\/\/ecole-saintliboire.fr\/wp-content\/uploads\/2025\/02\/permis-points-recreation-meridienne.pdf\" type=\"application\/pdf\" style=\"width:100%;height:600px\" aria-label=\"Contenu embarqu\u00e9 permis-points-r\u00e9cr\u00e9ation-m\u00e9ridienne.\"><\/object><a id=\"wp-block-file--media-106c7218-386c-4bcf-8f4a-30bb55113c1e\" href=\"https:\/\/ecole-saintliboire.fr\/wp-content\/uploads\/2025\/02\/permis-points-recreation-meridienne.pdf\">permis-points-r\u00e9cr\u00e9ation-m\u00e9ridienne<\/a><a href=\"https:\/\/ecole-saintliboire.fr\/wp-content\/uploads\/2025\/02\/permis-points-recreation-meridienne.pdf\" class=\"wp-block-file__button wp-element-button\" download aria-describedby=\"wp-block-file--media-106c7218-386c-4bcf-8f4a-30bb55113c1e\">T\u00e9l\u00e9charger<\/a><\/div>\n\n\n\n<div data-wp-interactive=\"core\/file\" class=\"wp-block-file\"><object data-wp-bind--hidden=\"!state.hasPdfPreview\" hidden class=\"wp-block-file__embed\" data=\"https:\/\/ecole-saintliboire.fr\/wp-content\/uploads\/2025\/07\/reglement-interieur-sept-2025-versionA4.pdf\" type=\"application\/pdf\" style=\"width:100%;height:600px\" aria-label=\"Contenu embarqu\u00e9 r\u00e8glement int\u00e9rieur-sept-2025-versionA4.\"><\/object><a id=\"wp-block-file--media-c3fa68e3-56e3-43f1-8aad-7b129dfac79e\" href=\"https:\/\/ecole-saintliboire.fr\/wp-content\/uploads\/2025\/07\/reglement-interieur-sept-2025-versionA4.pdf\">r\u00e8glement int\u00e9rieur-sept-2025-versionA4<\/a><a href=\"https:\/\/ecole-saintliboire.fr\/wp-content\/uploads\/2025\/07\/reglement-interieur-sept-2025-versionA4.pdf\" class=\"wp-block-file__button wp-element-button\" download aria-describedby=\"wp-block-file--media-c3fa68e3-56e3-43f1-8aad-7b129dfac79e\">T\u00e9l\u00e9charger<\/a><\/div>\n","protected":false},"excerpt":{"rendered":"","protected":false},"author":2,"featured_media":0,"parent":0,"menu_order":0,"comment_status":"closed","ping_status":"closed","template":"","meta":{"footnotes":""},"class_list":["post-24","page","type-page","status-publish","hentry"],"_links":{"self":[{"href":"https:\/\/ecole-saintliboire.fr\/index.php\/wp-json\/wp\/v2\/pages\/24","targetHints":{"allow":["GET"]}}],"collection":[{"href":"https:\/\/ecole-saintliboire.fr\/index.php\/wp-json\/wp\/v2\/pages"}],"about":[{"href":"https:\/\/ecole-saintliboire.fr\/index.php\/wp-json\/wp\/v2\/types\/page"}],"author":[{"embeddable":true,"href":"https:\/\/ecole-saintliboire.fr\/index.php\/wp-json\/wp\/v2\/users\/2"}],"replies":[{"embeddable":true,"href":"https:\/\/ecole-saintliboire.fr\/index.php\/wp-json\/wp\/v2\/comments?post=24"}],"version-history":[{"count":7,"href":"https:\/\/ecole-saintliboire.fr\/index.php\/wp-json\/wp\/v2\/pages\/24\/revisions"}],"predecessor-version":[{"id":937,"href":"https:\/\/ecole-saintliboire.fr\/index.php\/wp-json\/wp\/v2\/pages\/24\/revisions\/937"}],"wp:attachment":[{"href":"https:\/\/ecole-saintliboire.fr\/index.php\/wp-json\/wp\/v2\/media?parent=24"}],"curies":[{"name":"wp","href":"https:\/\/api.w.org\/{rel}","templated":true}]}}