{"id":22,"date":"2024-05-30T15:15:53","date_gmt":"2024-05-30T13:15:53","guid":{"rendered":"http:\/\/wooaevt.cluster023.hosting.ovh.net\/?page_id=22"},"modified":"2026-03-26T16:19:38","modified_gmt":"2026-03-26T15:19:38","slug":"informations-pratiques","status":"publish","type":"page","link":"https:\/\/ecole-saintliboire.fr\/index.php\/informations-pratiques\/","title":{"rendered":"Informations pratiques"},"content":{"rendered":"\n<figure class=\"wp-block-image size-large is-resized\"><img loading=\"lazy\" decoding=\"async\" width=\"1024\" height=\"768\" src=\"https:\/\/ecole-saintliboire.fr\/wp-content\/uploads\/2026\/03\/260205-OH-SaiintLiboire-3196-1024x768.jpg\" alt=\"\" class=\"wp-image-998\" style=\"width:404px;height:auto\" srcset=\"https:\/\/ecole-saintliboire.fr\/wp-content\/uploads\/2026\/03\/260205-OH-SaiintLiboire-3196-1024x768.jpg 1024w, https:\/\/ecole-saintliboire.fr\/wp-content\/uploads\/2026\/03\/260205-OH-SaiintLiboire-3196-300x225.jpg 300w, https:\/\/ecole-saintliboire.fr\/wp-content\/uploads\/2026\/03\/260205-OH-SaiintLiboire-3196-768x576.jpg 768w, https:\/\/ecole-saintliboire.fr\/wp-content\/uploads\/2026\/03\/260205-OH-SaiintLiboire-3196-1536x1152.jpg 1536w, https:\/\/ecole-saintliboire.fr\/wp-content\/uploads\/2026\/03\/260205-OH-SaiintLiboire-3196-1000x750.jpg 1000w, https:\/\/ecole-saintliboire.fr\/wp-content\/uploads\/2026\/03\/260205-OH-SaiintLiboire-3196-230x173.jpg 230w, https:\/\/ecole-saintliboire.fr\/wp-content\/uploads\/2026\/03\/260205-OH-SaiintLiboire-3196-350x263.jpg 350w, https:\/\/ecole-saintliboire.fr\/wp-content\/uploads\/2026\/03\/260205-OH-SaiintLiboire-3196-480x360.jpg 480w, https:\/\/ecole-saintliboire.fr\/wp-content\/uploads\/2026\/03\/260205-OH-SaiintLiboire-3196.jpg 1920w\" sizes=\"auto, (max-width: 1024px) 100vw, 1024px\" \/><\/figure>\n\n\n\n<p>Nos classes sont ouvertes de 8h30 \u00e0 11h45 et de 13h30 \u00e0 16h30.<\/p>\n\n\n\n<p>Notre \u00e9cole de 7 classes accueille tous les enfants depuis la Toute Petite Section jusqu&rsquo;au CM2.<\/p>\n\n\n\n<p>Les garderies sont ouvertes de 7h30 \u00e0 8h20 et de 16h45 \u00e0 18h30 (une \u00e9tude avec aide au travail y est incluse de 16h45 \u00e0 17h30).<\/p>\n\n\n\n<h2 class=\"wp-block-heading\">Calendrier annuel<\/h2>\n\n\n\n<div data-wp-interactive=\"core\/file\" class=\"wp-block-file\"><object data-wp-bind--hidden=\"!state.hasPdfPreview\" hidden class=\"wp-block-file__embed\" data=\"https:\/\/ecole-saintliboire.fr\/wp-content\/uploads\/2025\/07\/Calendrier-25-26-eleve-1.pdf\" type=\"application\/pdf\" style=\"width:100%;height:600px\" aria-label=\"Contenu embarqu\u00e9 Calendrier-25-26-\u00e9l\u00e8ve.\"><\/object><a id=\"wp-block-file--media-1b6208a5-3ede-4372-8b27-ff46aa3cb465\" href=\"https:\/\/ecole-saintliboire.fr\/wp-content\/uploads\/2025\/07\/Calendrier-25-26-eleve-1.pdf\">Calendrier-25-26-\u00e9l\u00e8ve<\/a><a href=\"https:\/\/ecole-saintliboire.fr\/wp-content\/uploads\/2025\/07\/Calendrier-25-26-eleve-1.pdf\" class=\"wp-block-file__button wp-element-button\" download aria-describedby=\"wp-block-file--media-1b6208a5-3ede-4372-8b27-ff46aa3cb465\">T\u00e9l\u00e9charger<\/a><\/div>\n\n\n\n<h2 class=\"wp-block-heading\">Menus<\/h2>\n\n\n\n<div data-wp-interactive=\"core\/file\" class=\"wp-block-file\"><object data-wp-bind--hidden=\"!state.hasPdfPreview\" hidden class=\"wp-block-file__embed\" data=\"https:\/\/ecole-saintliboire.fr\/wp-content\/uploads\/2026\/03\/Menu-avril-26.pdf\" type=\"application\/pdf\" style=\"width:100%;height:600px\" aria-label=\"Contenu embarqu\u00e9 Menu-avril-26.\"><\/object><a id=\"wp-block-file--media-c3137424-3e34-4470-a823-2b0905b9ce09\" href=\"https:\/\/ecole-saintliboire.fr\/wp-content\/uploads\/2026\/03\/Menu-avril-26.pdf\">Menu-avril-26<\/a><a href=\"https:\/\/ecole-saintliboire.fr\/wp-content\/uploads\/2026\/03\/Menu-avril-26.pdf\" class=\"wp-block-file__button wp-element-button\" download aria-describedby=\"wp-block-file--media-c3137424-3e34-4470-a823-2b0905b9ce09\">T\u00e9l\u00e9charger<\/a><\/div>\n\n\n\n<div data-wp-interactive=\"core\/file\" class=\"wp-block-file\"><object data-wp-bind--hidden=\"!state.hasPdfPreview\" hidden class=\"wp-block-file__embed\" data=\"https:\/\/ecole-saintliboire.fr\/wp-content\/uploads\/2026\/03\/DOC020326-02032026073613.pdf\" type=\"application\/pdf\" style=\"width:100%;height:600px\" aria-label=\"Contenu embarqu\u00e9 DOC020326-02032026073613.\"><\/object><a id=\"wp-block-file--media-3e9dc519-fdbd-42f2-b248-70ea76b0904f\" href=\"https:\/\/ecole-saintliboire.fr\/wp-content\/uploads\/2026\/03\/DOC020326-02032026073613.pdf\">DOC020326-02032026073613<\/a><a href=\"https:\/\/ecole-saintliboire.fr\/wp-content\/uploads\/2026\/03\/DOC020326-02032026073613.pdf\" class=\"wp-block-file__button wp-element-button\" download aria-describedby=\"wp-block-file--media-3e9dc519-fdbd-42f2-b248-70ea76b0904f\">T\u00e9l\u00e9charger<\/a><\/div>\n","protected":false},"excerpt":{"rendered":"<p>Nos classes sont ouvertes de 8h30 \u00e0 11h45 et de 13h30 \u00e0 16h30. Notre \u00e9cole de 7 classes accueille tous les enfants [&hellip;]<\/p>\n","protected":false},"author":2,"featured_media":0,"parent":0,"menu_order":0,"comment_status":"closed","ping_status":"closed","template":"","meta":{"footnotes":""},"class_list":["post-22","page","type-page","status-publish","hentry"],"_links":{"self":[{"href":"https:\/\/ecole-saintliboire.fr\/index.php\/wp-json\/wp\/v2\/pages\/22","targetHints":{"allow":["GET"]}}],"collection":[{"href":"https:\/\/ecole-saintliboire.fr\/index.php\/wp-json\/wp\/v2\/pages"}],"about":[{"href":"https:\/\/ecole-saintliboire.fr\/index.php\/wp-json\/wp\/v2\/types\/page"}],"author":[{"embeddable":true,"href":"https:\/\/ecole-saintliboire.fr\/index.php\/wp-json\/wp\/v2\/users\/2"}],"replies":[{"embeddable":true,"href":"https:\/\/ecole-saintliboire.fr\/index.php\/wp-json\/wp\/v2\/comments?post=22"}],"version-history":[{"count":34,"href":"https:\/\/ecole-saintliboire.fr\/index.php\/wp-json\/wp\/v2\/pages\/22\/revisions"}],"predecessor-version":[{"id":1027,"href":"https:\/\/ecole-saintliboire.fr\/index.php\/wp-json\/wp\/v2\/pages\/22\/revisions\/1027"}],"wp:attachment":[{"href":"https:\/\/ecole-saintliboire.fr\/index.php\/wp-json\/wp\/v2\/media?parent=22"}],"curies":[{"name":"wp","href":"https:\/\/api.w.org\/{rel}","templated":true}]}}