{"id":19,"date":"2024-05-30T15:14:37","date_gmt":"2024-05-30T13:14:37","guid":{"rendered":"http:\/\/wooaevt.cluster023.hosting.ovh.net\/?page_id=19"},"modified":"2024-06-13T18:44:27","modified_gmt":"2024-06-13T16:44:27","slug":"vie-chretienne","status":"publish","type":"page","link":"https:\/\/ecole-saintliboire.fr\/index.php\/vie-chretienne\/","title":{"rendered":"Vie chr\u00e9tienne"},"content":{"rendered":"\n<ul class=\"wp-block-list\">\n<li>L\u2019\u00e9cole organise la culture chr\u00e9tienne pendant le temps scolaire. Le p\u00e8re Vincent passe voir chaque classe une fois par p\u00e9riode pendant une demi-heure.<\/li>\n\n\n\n<li>En lien avec la paroisse, l&rsquo;\u00e9cole encourage le cat\u00e9chisme le mardi soir apr\u00e8s l&rsquo;\u00e9cole afin de d\u00e9couvrir qui est J\u00e9sus : \u00ab Laissez les petits enfants venir \u00e0 moi et ne les en emp\u00eachez pas \u00bb<br>Saint Marc<\/li>\n\n\n\n<li>L\u2019\u00e9cole propose \u00e0 toute la communaut\u00e9 \u00e9ducative, adultes et enfants, de vivre<br>l\u2019annonce et la c\u00e9l\u00e9bration de l\u2019\u00c9vangile aux temps forts chr\u00e9tiens (No\u00ebl, P\u00e2ques,\u2026)<\/li>\n\n\n\n<li>L\u2019\u00e9cole s\u2019engage dans des projets en lien avec la Charte de l\u2019\u00c9cologie<br>Int\u00e9grale, orientation dioc\u00e9saine de l&rsquo;Enseignement catholique Sarthois.<\/li>\n<\/ul>\n\n\n\n<figure class=\"wp-block-image size-large\"><img loading=\"lazy\" decoding=\"async\" width=\"1024\" height=\"768\" src=\"https:\/\/ecole-saintliboire.fr\/wp-content\/uploads\/2024\/06\/celebration-1024x768.jpg\" alt=\"\" class=\"wp-image-185\" srcset=\"https:\/\/ecole-saintliboire.fr\/wp-content\/uploads\/2024\/06\/celebration-1024x768.jpg 1024w, https:\/\/ecole-saintliboire.fr\/wp-content\/uploads\/2024\/06\/celebration-300x225.jpg 300w, https:\/\/ecole-saintliboire.fr\/wp-content\/uploads\/2024\/06\/celebration-768x576.jpg 768w, https:\/\/ecole-saintliboire.fr\/wp-content\/uploads\/2024\/06\/celebration-1536x1152.jpg 1536w, https:\/\/ecole-saintliboire.fr\/wp-content\/uploads\/2024\/06\/celebration-2048x1536.jpg 2048w, https:\/\/ecole-saintliboire.fr\/wp-content\/uploads\/2024\/06\/celebration-1000x750.jpg 1000w, https:\/\/ecole-saintliboire.fr\/wp-content\/uploads\/2024\/06\/celebration-230x173.jpg 230w, https:\/\/ecole-saintliboire.fr\/wp-content\/uploads\/2024\/06\/celebration-350x263.jpg 350w, https:\/\/ecole-saintliboire.fr\/wp-content\/uploads\/2024\/06\/celebration-480x360.jpg 480w\" sizes=\"auto, (max-width: 1024px) 100vw, 1024px\" \/><\/figure>\n","protected":false},"excerpt":{"rendered":"","protected":false},"author":2,"featured_media":0,"parent":0,"menu_order":0,"comment_status":"closed","ping_status":"closed","template":"","meta":{"footnotes":""},"class_list":["post-19","page","type-page","status-publish","hentry"],"_links":{"self":[{"href":"https:\/\/ecole-saintliboire.fr\/index.php\/wp-json\/wp\/v2\/pages\/19","targetHints":{"allow":["GET"]}}],"collection":[{"href":"https:\/\/ecole-saintliboire.fr\/index.php\/wp-json\/wp\/v2\/pages"}],"about":[{"href":"https:\/\/ecole-saintliboire.fr\/index.php\/wp-json\/wp\/v2\/types\/page"}],"author":[{"embeddable":true,"href":"https:\/\/ecole-saintliboire.fr\/index.php\/wp-json\/wp\/v2\/users\/2"}],"replies":[{"embeddable":true,"href":"https:\/\/ecole-saintliboire.fr\/index.php\/wp-json\/wp\/v2\/comments?post=19"}],"version-history":[{"count":4,"href":"https:\/\/ecole-saintliboire.fr\/index.php\/wp-json\/wp\/v2\/pages\/19\/revisions"}],"predecessor-version":[{"id":208,"href":"https:\/\/ecole-saintliboire.fr\/index.php\/wp-json\/wp\/v2\/pages\/19\/revisions\/208"}],"wp:attachment":[{"href":"https:\/\/ecole-saintliboire.fr\/index.php\/wp-json\/wp\/v2\/media?parent=19"}],"curies":[{"name":"wp","href":"https:\/\/api.w.org\/{rel}","templated":true}]}}