{"id":15,"date":"2024-05-30T15:11:54","date_gmt":"2024-05-30T13:11:54","guid":{"rendered":"http:\/\/wooaevt.cluster023.hosting.ovh.net\/?page_id=15"},"modified":"2026-04-09T15:44:10","modified_gmt":"2026-04-09T13:44:10","slug":"actualites-des-classes","status":"publish","type":"page","link":"https:\/\/ecole-saintliboire.fr\/index.php\/actualites-des-classes\/","title":{"rendered":"Actualit\u00e9s des classes"},"content":{"rendered":"\n<p><strong>Solidarit\u00e9 des familles avec l&rsquo;association Guatemala 96.<\/strong><\/p>\n\n\n\n<p>Pour le car\u00eame, nous avons organis\u00e9 un bol de riz et une vente au profit de cette association qui oeuvre au bien-\u00eatre des \u00e9l\u00e8ves en situation de pauvret\u00e9 au Guatemala. Toutes les classes ont \u00e9t\u00e9 inform\u00e9es de ce projet par des b\u00e9n\u00e9voles.<\/p>\n\n\n\n<figure class=\"wp-block-image size-large\"><img loading=\"lazy\" decoding=\"async\" width=\"1024\" height=\"768\" src=\"https:\/\/ecole-saintliboire.fr\/wp-content\/uploads\/2026\/04\/20260320_155049-1024x768.jpg\" alt=\"\" class=\"wp-image-1044\" srcset=\"https:\/\/ecole-saintliboire.fr\/wp-content\/uploads\/2026\/04\/20260320_155049-1024x768.jpg 1024w, https:\/\/ecole-saintliboire.fr\/wp-content\/uploads\/2026\/04\/20260320_155049-300x225.jpg 300w, https:\/\/ecole-saintliboire.fr\/wp-content\/uploads\/2026\/04\/20260320_155049-768x576.jpg 768w, https:\/\/ecole-saintliboire.fr\/wp-content\/uploads\/2026\/04\/20260320_155049-1536x1152.jpg 1536w, https:\/\/ecole-saintliboire.fr\/wp-content\/uploads\/2026\/04\/20260320_155049-2048x1536.jpg 2048w, https:\/\/ecole-saintliboire.fr\/wp-content\/uploads\/2026\/04\/20260320_155049-1000x750.jpg 1000w, https:\/\/ecole-saintliboire.fr\/wp-content\/uploads\/2026\/04\/20260320_155049-230x173.jpg 230w, https:\/\/ecole-saintliboire.fr\/wp-content\/uploads\/2026\/04\/20260320_155049-350x263.jpg 350w, https:\/\/ecole-saintliboire.fr\/wp-content\/uploads\/2026\/04\/20260320_155049-480x360.jpg 480w\" sizes=\"auto, (max-width: 1024px) 100vw, 1024px\" \/><\/figure>\n\n\n\n<p><strong>Carnaval \u00e0 mi-car\u00eame<\/strong><\/p>\n\n\n\n<p>Les petites classes ont effectu\u00e9 leur carnaval et d\u00e9filer devant les classes des grands<\/p>\n\n\n\n<figure class=\"wp-block-image size-large\"><img loading=\"lazy\" decoding=\"async\" width=\"1024\" height=\"768\" src=\"https:\/\/ecole-saintliboire.fr\/wp-content\/uploads\/2026\/04\/20260312_100553-1024x768.jpg\" alt=\"\" class=\"wp-image-1050\" srcset=\"https:\/\/ecole-saintliboire.fr\/wp-content\/uploads\/2026\/04\/20260312_100553-1024x768.jpg 1024w, https:\/\/ecole-saintliboire.fr\/wp-content\/uploads\/2026\/04\/20260312_100553-300x225.jpg 300w, https:\/\/ecole-saintliboire.fr\/wp-content\/uploads\/2026\/04\/20260312_100553-768x576.jpg 768w, https:\/\/ecole-saintliboire.fr\/wp-content\/uploads\/2026\/04\/20260312_100553-1536x1152.jpg 1536w, https:\/\/ecole-saintliboire.fr\/wp-content\/uploads\/2026\/04\/20260312_100553-2048x1536.jpg 2048w, https:\/\/ecole-saintliboire.fr\/wp-content\/uploads\/2026\/04\/20260312_100553-1000x750.jpg 1000w, https:\/\/ecole-saintliboire.fr\/wp-content\/uploads\/2026\/04\/20260312_100553-230x173.jpg 230w, https:\/\/ecole-saintliboire.fr\/wp-content\/uploads\/2026\/04\/20260312_100553-350x263.jpg 350w, https:\/\/ecole-saintliboire.fr\/wp-content\/uploads\/2026\/04\/20260312_100553-480x360.jpg 480w\" sizes=\"auto, (max-width: 1024px) 100vw, 1024px\" \/><\/figure>\n\n\n\n<p><strong>Solidarit\u00e9 des familles avec la banque alimentaire (d\u00e9cembre 2025)<\/strong><\/p>\n\n\n\n<p>Un grand merci \u00e0 toutes les familles qui ont particip\u00e9 \u00e0 la collecte en faveur de la Banque Alimentaire de Sarthe, et un grand merci aux b\u00e9n\u00e9voles qui sont venus sensibiliser nos classes en d\u00e9cembre.<\/p>\n\n\n\n<figure class=\"wp-block-image size-large\"><img loading=\"lazy\" decoding=\"async\" width=\"1024\" height=\"768\" src=\"https:\/\/ecole-saintliboire.fr\/wp-content\/uploads\/2026\/01\/20251208_154735-1024x768.jpg\" alt=\"\" class=\"wp-image-927\" srcset=\"https:\/\/ecole-saintliboire.fr\/wp-content\/uploads\/2026\/01\/20251208_154735-1024x768.jpg 1024w, https:\/\/ecole-saintliboire.fr\/wp-content\/uploads\/2026\/01\/20251208_154735-300x225.jpg 300w, https:\/\/ecole-saintliboire.fr\/wp-content\/uploads\/2026\/01\/20251208_154735-768x576.jpg 768w, https:\/\/ecole-saintliboire.fr\/wp-content\/uploads\/2026\/01\/20251208_154735-1536x1152.jpg 1536w, https:\/\/ecole-saintliboire.fr\/wp-content\/uploads\/2026\/01\/20251208_154735-2048x1536.jpg 2048w, https:\/\/ecole-saintliboire.fr\/wp-content\/uploads\/2026\/01\/20251208_154735-1000x750.jpg 1000w, https:\/\/ecole-saintliboire.fr\/wp-content\/uploads\/2026\/01\/20251208_154735-230x173.jpg 230w, https:\/\/ecole-saintliboire.fr\/wp-content\/uploads\/2026\/01\/20251208_154735-350x263.jpg 350w, https:\/\/ecole-saintliboire.fr\/wp-content\/uploads\/2026\/01\/20251208_154735-480x360.jpg 480w\" sizes=\"auto, (max-width: 1024px) 100vw, 1024px\" \/><\/figure>\n\n\n\n<figure class=\"wp-block-image size-large\"><img loading=\"lazy\" decoding=\"async\" width=\"1024\" height=\"768\" src=\"https:\/\/ecole-saintliboire.fr\/wp-content\/uploads\/2026\/01\/20251219_113816-1024x768.jpg\" alt=\"\" class=\"wp-image-928\" srcset=\"https:\/\/ecole-saintliboire.fr\/wp-content\/uploads\/2026\/01\/20251219_113816-1024x768.jpg 1024w, https:\/\/ecole-saintliboire.fr\/wp-content\/uploads\/2026\/01\/20251219_113816-300x225.jpg 300w, https:\/\/ecole-saintliboire.fr\/wp-content\/uploads\/2026\/01\/20251219_113816-768x576.jpg 768w, https:\/\/ecole-saintliboire.fr\/wp-content\/uploads\/2026\/01\/20251219_113816-1536x1152.jpg 1536w, https:\/\/ecole-saintliboire.fr\/wp-content\/uploads\/2026\/01\/20251219_113816-2048x1536.jpg 2048w, https:\/\/ecole-saintliboire.fr\/wp-content\/uploads\/2026\/01\/20251219_113816-1000x750.jpg 1000w, https:\/\/ecole-saintliboire.fr\/wp-content\/uploads\/2026\/01\/20251219_113816-230x173.jpg 230w, https:\/\/ecole-saintliboire.fr\/wp-content\/uploads\/2026\/01\/20251219_113816-350x263.jpg 350w, https:\/\/ecole-saintliboire.fr\/wp-content\/uploads\/2026\/01\/20251219_113816-480x360.jpg 480w\" sizes=\"auto, (max-width: 1024px) 100vw, 1024px\" \/><\/figure>\n\n\n\n<p><strong>Gouter de No\u00ebl offert par les parents d&rsquo;\u00e9l\u00e8ves (d\u00e9c 25)<\/strong><\/p>\n\n\n\n<figure class=\"wp-block-image size-large\"><img loading=\"lazy\" decoding=\"async\" width=\"1024\" height=\"768\" src=\"https:\/\/ecole-saintliboire.fr\/wp-content\/uploads\/2025\/12\/20251201_155920-1024x768.jpg\" alt=\"\" class=\"wp-image-866\" srcset=\"https:\/\/ecole-saintliboire.fr\/wp-content\/uploads\/2025\/12\/20251201_155920-1024x768.jpg 1024w, https:\/\/ecole-saintliboire.fr\/wp-content\/uploads\/2025\/12\/20251201_155920-300x225.jpg 300w, https:\/\/ecole-saintliboire.fr\/wp-content\/uploads\/2025\/12\/20251201_155920-768x576.jpg 768w, https:\/\/ecole-saintliboire.fr\/wp-content\/uploads\/2025\/12\/20251201_155920-1536x1152.jpg 1536w, https:\/\/ecole-saintliboire.fr\/wp-content\/uploads\/2025\/12\/20251201_155920-2048x1536.jpg 2048w, https:\/\/ecole-saintliboire.fr\/wp-content\/uploads\/2025\/12\/20251201_155920-1000x750.jpg 1000w, https:\/\/ecole-saintliboire.fr\/wp-content\/uploads\/2025\/12\/20251201_155920-230x173.jpg 230w, https:\/\/ecole-saintliboire.fr\/wp-content\/uploads\/2025\/12\/20251201_155920-350x263.jpg 350w, https:\/\/ecole-saintliboire.fr\/wp-content\/uploads\/2025\/12\/20251201_155920-480x360.jpg 480w\" sizes=\"auto, (max-width: 1024px) 100vw, 1024px\" \/><\/figure>\n\n\n\n<h2 class=\"wp-block-heading has-medium-font-size\"><strong>Cross solidaire:<\/strong> tous les \u00e9l\u00e8ves de primaire ont couru le 20 d\u00e9cembre pour l&rsquo;association ELA. Merci \u00e0 tous les g\u00e9n\u00e9reux donateurs qui ont permis de r\u00e9colter plus de 500\u20ac.<\/h2>\n\n\n\n<figure class=\"wp-block-image size-full\"><img loading=\"lazy\" decoding=\"async\" width=\"600\" height=\"800\" src=\"https:\/\/ecole-saintliboire.fr\/wp-content\/uploads\/2025\/01\/20241220_153153-rotated.jpg\" alt=\"\" class=\"wp-image-437\" srcset=\"https:\/\/ecole-saintliboire.fr\/wp-content\/uploads\/2025\/01\/20241220_153153-rotated.jpg 600w, https:\/\/ecole-saintliboire.fr\/wp-content\/uploads\/2025\/01\/20241220_153153-225x300.jpg 225w, https:\/\/ecole-saintliboire.fr\/wp-content\/uploads\/2025\/01\/20241220_153153-230x307.jpg 230w, https:\/\/ecole-saintliboire.fr\/wp-content\/uploads\/2025\/01\/20241220_153153-350x467.jpg 350w, https:\/\/ecole-saintliboire.fr\/wp-content\/uploads\/2025\/01\/20241220_153153-480x640.jpg 480w\" sizes=\"auto, (max-width: 600px) 100vw, 600px\" \/><\/figure>\n\n\n\n<h2 class=\"wp-block-heading has-medium-font-size\"><strong>Go\u00fbter de No\u00ebl du 13 d\u00e9cembre:<\/strong> merci \u00e0 l&rsquo;APEL pour ce bon moment pass\u00e9 avec toutes les classes.<\/h2>\n\n\n\n<figure class=\"wp-block-image size-full\"><img loading=\"lazy\" decoding=\"async\" width=\"600\" height=\"450\" src=\"https:\/\/ecole-saintliboire.fr\/wp-content\/uploads\/2025\/01\/20241213_155732.jpg\" alt=\"\" class=\"wp-image-432\" srcset=\"https:\/\/ecole-saintliboire.fr\/wp-content\/uploads\/2025\/01\/20241213_155732.jpg 600w, https:\/\/ecole-saintliboire.fr\/wp-content\/uploads\/2025\/01\/20241213_155732-300x225.jpg 300w, https:\/\/ecole-saintliboire.fr\/wp-content\/uploads\/2025\/01\/20241213_155732-230x173.jpg 230w, https:\/\/ecole-saintliboire.fr\/wp-content\/uploads\/2025\/01\/20241213_155732-350x263.jpg 350w, https:\/\/ecole-saintliboire.fr\/wp-content\/uploads\/2025\/01\/20241213_155732-480x360.jpg 480w\" sizes=\"auto, (max-width: 600px) 100vw, 600px\" \/><\/figure>\n\n\n\n<p>Samedi 5 octobre, quelques \u00e9l\u00e8ves de la chorale de l&rsquo;\u00e9cole Saint Liboire ont eu la joie de pouvoir animer quelques chants de la c\u00e9l\u00e9bration de rentr\u00e9e de l&rsquo;enseignement catholique \u00e0 la cath\u00e9drale du Mans. Merci \u00e0 toutes les personnes volontaires pour leur pr\u00e9sence.<\/p>\n\n\n\n<figure class=\"wp-block-image size-large\"><img loading=\"lazy\" decoding=\"async\" width=\"1024\" height=\"768\" src=\"https:\/\/ecole-saintliboire.fr\/wp-content\/uploads\/2024\/10\/unnamed-1024x768.jpg\" alt=\"\" class=\"wp-image-363\" srcset=\"https:\/\/ecole-saintliboire.fr\/wp-content\/uploads\/2024\/10\/unnamed-1024x768.jpg 1024w, https:\/\/ecole-saintliboire.fr\/wp-content\/uploads\/2024\/10\/unnamed-300x225.jpg 300w, https:\/\/ecole-saintliboire.fr\/wp-content\/uploads\/2024\/10\/unnamed-768x576.jpg 768w, https:\/\/ecole-saintliboire.fr\/wp-content\/uploads\/2024\/10\/unnamed-1536x1152.jpg 1536w, https:\/\/ecole-saintliboire.fr\/wp-content\/uploads\/2024\/10\/unnamed-1000x750.jpg 1000w, https:\/\/ecole-saintliboire.fr\/wp-content\/uploads\/2024\/10\/unnamed-230x173.jpg 230w, https:\/\/ecole-saintliboire.fr\/wp-content\/uploads\/2024\/10\/unnamed-350x263.jpg 350w, https:\/\/ecole-saintliboire.fr\/wp-content\/uploads\/2024\/10\/unnamed-480x360.jpg 480w, https:\/\/ecole-saintliboire.fr\/wp-content\/uploads\/2024\/10\/unnamed.jpg 1600w\" sizes=\"auto, (max-width: 1024px) 100vw, 1024px\" \/><\/figure>\n\n\n\n<p><\/p>\n\n\n\n<p>Lundi 30 septembre, l&rsquo;association Bouchons 72 est venue \u00e0 l&rsquo;\u00e9cole Saint Liboire pour r\u00e9colter nos bouchons recycl\u00e9s&nbsp;.&nbsp;<\/p>\n\n\n\n<p>Une sensibilisation au handicap \u00e0 \u00e9t\u00e9 r\u00e9alis\u00e9e dans ce cadre.<\/p>\n\n\n\n<p>Merci \u00e0 tous les \u00e9l\u00e8ves pour leurs efforts dans le recyclage.&nbsp;<\/p>\n\n\n\n<figure class=\"wp-block-image size-large\"><img loading=\"lazy\" decoding=\"async\" width=\"1024\" height=\"768\" src=\"https:\/\/ecole-saintliboire.fr\/wp-content\/uploads\/2024\/10\/unnamed-1-1024x768.jpg\" alt=\"\" class=\"wp-image-364\" srcset=\"https:\/\/ecole-saintliboire.fr\/wp-content\/uploads\/2024\/10\/unnamed-1-1024x768.jpg 1024w, https:\/\/ecole-saintliboire.fr\/wp-content\/uploads\/2024\/10\/unnamed-1-300x225.jpg 300w, https:\/\/ecole-saintliboire.fr\/wp-content\/uploads\/2024\/10\/unnamed-1-768x576.jpg 768w, https:\/\/ecole-saintliboire.fr\/wp-content\/uploads\/2024\/10\/unnamed-1-1536x1152.jpg 1536w, https:\/\/ecole-saintliboire.fr\/wp-content\/uploads\/2024\/10\/unnamed-1-2048x1536.jpg 2048w, https:\/\/ecole-saintliboire.fr\/wp-content\/uploads\/2024\/10\/unnamed-1-1000x750.jpg 1000w, https:\/\/ecole-saintliboire.fr\/wp-content\/uploads\/2024\/10\/unnamed-1-230x173.jpg 230w, https:\/\/ecole-saintliboire.fr\/wp-content\/uploads\/2024\/10\/unnamed-1-350x263.jpg 350w, https:\/\/ecole-saintliboire.fr\/wp-content\/uploads\/2024\/10\/unnamed-1-480x360.jpg 480w\" sizes=\"auto, (max-width: 1024px) 100vw, 1024px\" \/><\/figure>\n\n\n\n<div data-wp-interactive=\"core\/file\" class=\"wp-block-file\"><object data-wp-bind--hidden=\"!state.hasPdfPreview\" hidden class=\"wp-block-file__embed\" data=\"https:\/\/ecole-saintliboire.fr\/wp-content\/uploads\/2024\/06\/DOC030624-03062024130723.pdf\" type=\"application\/pdf\" style=\"width:100%;height:600px\" aria-label=\"Contenu embarqu\u00e9 DOC030624-03062024130723.\"><\/object><a id=\"wp-block-file--media-d3062bec-9f3c-4cd8-a72c-504076e12690\" href=\"https:\/\/ecole-saintliboire.fr\/wp-content\/uploads\/2024\/06\/DOC030624-03062024130723.pdf\">DOC030624-03062024130723<\/a><a href=\"https:\/\/ecole-saintliboire.fr\/wp-content\/uploads\/2024\/06\/DOC030624-03062024130723.pdf\" class=\"wp-block-file__button wp-element-button\" download aria-describedby=\"wp-block-file--media-d3062bec-9f3c-4cd8-a72c-504076e12690\">T\u00e9l\u00e9charger<\/a><\/div>\n\n\n\n<p><\/p>\n","protected":false},"excerpt":{"rendered":"<p>Solidarit\u00e9 des familles avec l&rsquo;association Guatemala 96. Pour le car\u00eame, nous avons organis\u00e9 un bol de riz et une vente au profit [&hellip;]<\/p>\n","protected":false},"author":2,"featured_media":0,"parent":0,"menu_order":0,"comment_status":"closed","ping_status":"closed","template":"","meta":{"footnotes":""},"class_list":["post-15","page","type-page","status-publish","hentry"],"_links":{"self":[{"href":"https:\/\/ecole-saintliboire.fr\/index.php\/wp-json\/wp\/v2\/pages\/15","targetHints":{"allow":["GET"]}}],"collection":[{"href":"https:\/\/ecole-saintliboire.fr\/index.php\/wp-json\/wp\/v2\/pages"}],"about":[{"href":"https:\/\/ecole-saintliboire.fr\/index.php\/wp-json\/wp\/v2\/types\/page"}],"author":[{"embeddable":true,"href":"https:\/\/ecole-saintliboire.fr\/index.php\/wp-json\/wp\/v2\/users\/2"}],"replies":[{"embeddable":true,"href":"https:\/\/ecole-saintliboire.fr\/index.php\/wp-json\/wp\/v2\/comments?post=15"}],"version-history":[{"count":12,"href":"https:\/\/ecole-saintliboire.fr\/index.php\/wp-json\/wp\/v2\/pages\/15\/revisions"}],"predecessor-version":[{"id":1051,"href":"https:\/\/ecole-saintliboire.fr\/index.php\/wp-json\/wp\/v2\/pages\/15\/revisions\/1051"}],"wp:attachment":[{"href":"https:\/\/ecole-saintliboire.fr\/index.php\/wp-json\/wp\/v2\/media?parent=15"}],"curies":[{"name":"wp","href":"https:\/\/api.w.org\/{rel}","templated":true}]}}